{"id":2348,"date":"2019-12-18T12:49:05","date_gmt":"2019-12-18T12:49:05","guid":{"rendered":"https:\/\/www.mybalancepilates.es\/?page_id=2348"},"modified":"2019-12-18T12:49:05","modified_gmt":"2019-12-18T12:49:05","slug":"prueba2","status":"publish","type":"page","link":"https:\/\/www.mybalancepilates.es\/index.php\/prueba2\/","title":{"rendered":"prueba2"},"content":{"rendered":"<div class=\"wpb-content-wrapper\"><p>[vc_row][vc_column][rev_slider_vc alias=\u00bbslider1&#8243;][\/vc_column][\/vc_row][vc_row full_width=\u00bbstretch_row_content_no_spaces\u00bb][vc_column][vc_mad_info_block tag_title=\u00bbh2&#8243; columns=\u00bb3&#8243;][vc_mad_info_block_item image=\u00bb2038&#8243; title=\u00bb\u00bfEl pilates es nuevo para ti?\u00bb link=\u00bburl:%20https%3A%2F%2Fwww.mybalancepilates.es%2Findex.php%2Fclase-de-prueba%2F|title:PIDE%20TU%20CLASE%20DE%20PRUEBA|target:%20_blank|\u00bb]An\u00edmate a probarlo, la primera clase es gratis y por supuesto sin compromiso.<\/p>\n<p>Desde la primera clase empezar\u00e1s a notar cambios y descubrir\u00e1s \u00ablo\u00bb que ya tienes dentro de ti\u00a0 y que bien lo puedes usar[\/vc_mad_info_block_item][vc_mad_info_block_item image=\u00bb2116&#8243; title=\u00bb3 alumnos por grupo\u00bb link=\u00bburl:%20https%3A%2F%2Fwww.mybalancepilates.es%2Findex.php%2Fclase-de-prueba%2F|title:COMPRUEBALO!|target:%20_blank|\u00bb]Este es mi estudio <strong>intensivo<\/strong> de pilates, clases de pilates m\u00e1quinas de 3 alumnos, mi atenci\u00f3n es total para ti.[\/vc_mad_info_block_item][vc_mad_info_block_item image=\u00bb216&#8243; title=\u00bbDesaf\u00eda tu cuerpo y conocete\u00bb link=\u00bburl:%20https%3A%2F%2Fwww.mybalancepilates.es%2Findex.php%2Fclase-de-prueba%2F|title:%C2%BFLO%20QUIERES%20PROBAR%3F|target:%20_blank|\u00bb]El pilates supone conocerte mejor y saber utilizarlo con sabidur\u00eda.<\/p>\n<p>Muchos de lo que aprender\u00e1s en este <em>arte<\/em> los podr\u00e1s transferir a otros deportes.[\/vc_mad_info_block_item][\/vc_mad_info_block][\/vc_column][\/vc_row][vc_row full_width=\u00bbstretch_row_content_no_spaces\u00bb content_width=\u00bbwide3&#8243; content_placement=\u00bbtop\u00bb css=\u00bb.vc_custom_1575369945260{padding-top: 120px !important;padding-bottom: 120px !important;background-color: #f9f9f9 !important;}\u00bb][vc_column][vc_mad_team_members title_align=\u00bbalign-center\u00bb columns=\u00bb3&#8243; items=\u00bb1&#8243; subtitle=\u00bbEL EQUIPO\u00bb title=\u00bbAqui estoy\u00bb categories=\u00bb96&#8243; description=\u00bbEl pilates mueve tu cuerpo para mejorar tu calidad de vida\u00bb][vc_mad_custom_title tag_title=\u00bbh3&#8243; margin_bottom_title=\u00bb0&#8243; margin_bottom_description=\u00bb0&#8243; title_align=\u00bbalign-center\u00bb top_title=\u00bbPILATES MAQUINAS\u00bb title=\u00bbEl beneficio de ser 3 alumnos\u00bb]<\/p>\n<p style=\"text-align: center;\">y los resultados a m\u00e1s corto plazo.<\/p>\n<p>[\/vc_mad_custom_title][vc_row_inner][vc_column_inner css=\u00bb.vc_custom_1542954395648{padding-right: 50px !important;}\u00bb offset=\u00bbvc_col-lg-6 vc_col-md-6 vc_col-xs-12&#8243;][vc_single_image image=\u00bb2157&#8243; img_size=\u00bb608X364&#8243;][\/vc_column_inner][vc_column_inner offset=\u00bbvc_col-lg-6 vc_col-md-6 vc_col-xs-12&#8243;][vc_mad_services_list][vc_mad_services_list_item title=\u00bbVentaja 1&#8243;]Mauris fermentum dictum magna. Sed laoreet aliquam leo. Ut tellus dolor, dapibus eget, elementum vel.[\/vc_mad_services_list_item][vc_mad_services_list_item title=\u00bbVentaja 2&#8243;]Aenean auctor wisi et urna. Aliquam erat volutpat. Duis ac turpis. Integer rutrum ante eu lacus.[\/vc_mad_services_list_item][vc_mad_services_list_item title=\u00bbVentaja 3&#8243;]Vestibulum libero nisl, porta vel, scelerisque eget, malesuada at, neque. Vivamus eget nibh.[\/vc_mad_services_list_item][\/vc_mad_services_list][\/vc_column_inner][\/vc_row_inner][\/vc_column][\/vc_row][vc_row full_width=\u00bbstretch_row_content_no_spaces\u00bb content_width=\u00bbwide3&#8243; content_placement=\u00bbtop\u00bb css=\u00bb.vc_custom_1575369945260{padding-top: 120px !important;padding-bottom: 120px !important;background-color: #f9f9f9 !important;}\u00bb][vc_column][vc_mad_custom_title tag_title=\u00bbh3&#8243; margin_bottom_title=\u00bb0&#8243; margin_bottom_description=\u00bb0&#8243; title_align=\u00bbalign-center\u00bb top_title=\u00bbPILATES SUELO\u00bb title=\u00bbEl beneficio de entrenar lo aprendido\u00bb]<\/p>\n<p style=\"text-align: center;\">y complementarlo con las m\u00e1quinas.<\/p>\n<p>[\/vc_mad_custom_title][vc_row_inner][vc_column_inner css=\u00bb.vc_custom_1542954395648{padding-right: 50px !important;}\u00bb offset=\u00bbvc_col-lg-6 vc_col-md-6 vc_col-xs-12&#8243;][vc_single_image image=\u00bb1276&#8243; img_size=\u00bb608&#215;364&#8243;][\/vc_column_inner][vc_column_inner offset=\u00bbvc_col-lg-6 vc_col-md-6 vc_col-xs-12&#8243;][vc_mad_services_list][vc_mad_services_list_item title=\u00bbVentaja 1&#8243;]Mauris fermentum dictum magna. Sed laoreet aliquam leo. Ut tellus dolor, dapibus eget, elementum vel.[\/vc_mad_services_list_item][vc_mad_services_list_item title=\u00bbVentaja 2&#8243;]Aenean auctor wisi et urna. Aliquam erat volutpat. Duis ac turpis. Integer rutrum ante eu lacus.[\/vc_mad_services_list_item][vc_mad_services_list_item title=\u00bbVentaja 3&#8243;]Vestibulum libero nisl, porta vel, scelerisque eget, malesuada at, neque. Vivamus eget nibh.[\/vc_mad_services_list_item][\/vc_mad_services_list][\/vc_column_inner][\/vc_row_inner][\/vc_column][vc_column][\/vc_column][\/vc_row][vc_row css=\u00bb.vc_custom_1543406589387{padding-bottom: 120px !important;background-color: #ffffff !important;}\u00bb][vc_column][vc_mad_custom_title tag_title=\u00bbh3&#8243; margin_bottom_title=\u00bb0&#8243; margin_bottom_description=\u00bb0&#8243; title_align=\u00bbalign-center\u00bb top_title=\u00bbTARIFAS\u00bb title=\u00bbEncuentra el pilates que mejor\u00bb]<\/p>\n<p style=\"text-align: center;\">se adapta a ti.<\/p>\n<p>[\/vc_mad_custom_title][vc_mad_pricing_box columns=\u00bb3&#8243;][vc_mad_pricing_box_item title=\u00bbPilates suelo\u00bb price=\u00bbdesde 75\u20ac\u00bb label_price=\u00bbpor Mes\u00bb features=\u00bbVestibulum sed | Donec sagittis euismod | Sed ut perspiciatis | Unde omnis iste | Natus error sit\u00bb icon_color=\u00bb#999999&#8243; bg_color=\u00bb#f6fbfa\u00bb link=\u00bburl:https%3A%2F%2Fwww.mybalancepilates.es%2Findex.php%2Fmis-tarifas%2F|title:MAS%20OPCIONES|target:%20_blank|\u00bb]<\/p>\n<ul>\n<li>2 d\u00edas a la semana<\/li>\n<li>Para mantener lo aprendido<\/li>\n<\/ul>\n<p>[\/vc_mad_pricing_box_item][vc_mad_pricing_box_item title=\u00bbPilates m\u00e1quinas\u00bb price=\u00bbdesde 95\u20ac\u00bb label_price=\u00bbpor Mes\u00bb features=\u00bbVestibulum sed | Donec sagittis euismod | Sed ut perspiciatis | Unde omnis iste | Natus error sit\u00bb icon_color=\u00bb#999999&#8243; bg_color=\u00bb#f8f6f8&#8243; link=\u00bburl:https%3A%2F%2Fwww.mybalancepilates.es%2Findex.php%2Fmis-tarifas%2F|title:MAS%20OPCIONES|target:%20_blank|\u00bb]<\/p>\n<ul>\n<li>2 d\u00edas a la semana<\/li>\n<li>Para mejorar tu nivel<\/li>\n<\/ul>\n<p>[\/vc_mad_pricing_box_item][vc_mad_pricing_box_item title=\u00bbSolo Tu\u00bb price=\u00bb50\u20ac\u00bb label_price=\u00bbpor Clase\u00bb features=\u00bbVestibulum sed | Donec sagittis euismod | Sed ut perspiciatis | Unde omnis iste | Natus error sit\u00bb icon_color=\u00bb#999999&#8243; bg_color=\u00bb#f6fbfa\u00bb link=\u00bburl:%23|title:CONCIERTA%20TU%20CITA|target:%20_blank|\u00bb]<\/p>\n<ul>\n<li>cualquier d\u00eda de lunes a viernes<\/li>\n<li>Para llegar mucho mas lejos<\/li>\n<\/ul>\n<p>[\/vc_mad_pricing_box_item][vc_mad_pricing_box_item title=\u00bbCombina Suelo+Maquinas\u00bb price=\u00bbdesde 115\u20ac\u00bb label_price=\u00bbpor Mes\u00bb link=\u00bburl:https%3A%2F%2Fwww.mybalancepilates.es%2Findex.php%2Fmis-tarifas%2F|title:MAS%20OPCIONES|target:%20_blank|\u00bb]2 clases de m\u00e1quinas + 1 clase de suelo<\/p>\n<p>A tu medida[\/vc_mad_pricing_box_item][\/vc_mad_pricing_box][\/vc_column][\/vc_row][vc_row full_width=\u00bbstretch_row_content_no_spaces\u00bb][vc_column][vc_mad_cta title=\u00bb\u00bfNo puedes venir siempre a la misma hora? \\n Esto te puede interesar&#8230;\u00bb subtitle=\u00bbBonos de 10 clases\u00bb type=\u00bbtype5&#8243; image1=\u00bb2077&#8243; h2=\u00bbClass Packs &amp; Memberships\u00bb p=\u00bbPurchase now to save on yoga classes\u00bb add=\u00bbbutton_bottom\u00bb link=\u00bburl:%23|title:Llamanos%20para%20informarte|target:%20_blank|\u00bb custom_button_color=\u00bb#ffffff\u00bb custom_text=\u00bb#ffffff\u00bb subheading_text=\u00bb#f1f1f1&#8243; title_color=\u00bb#ffffff\u00bb subheading_text_color=\u00bb#f1f1f1&#8243;][\/vc_column][\/vc_row][vc_row][vc_column][vc_mad_gallery images=\u00bb2032,1370,1275,855,648,525&#8243; title=\u00bbNuestras actividades\u00bb][\/vc_column][\/vc_row][vc_row full_width=\u00bbstretch_row_content_no_spaces\u00bb content_width=\u00bbwide2&#8243; parallax=\u00bbcontent-moving\u00bb parallax_image=\u00bb244&#8243; css=\u00bb.vc_custom_1542623650835{margin-top: 0px !important;margin-bottom: 0px !important;padding-top: 120px !important;padding-bottom: 120px !important;}\u00bb][vc_column][vc_mad_testimonials tag_title=\u00bbh2&#8243; author_color=\u00bb#999999&#8243; layout=\u00bbtype-4 light_style\u00bb items=\u00bb3&#8243; orderby=\u00bbtitle\u00bb subtitle=\u00bbOPINIONES\u00bb title=\u00bbLo que dicen cuando no estoy\u00bb link=\u00bburl:%23|title:MAS%20OPINIONES|target:%20_blank|\u00bb title_color=\u00bb#ffffff\u00bb description_color=\u00bb#f1f1f1&#8243; categories=\u00bb49&#8243;][\/vc_column][\/vc_row][vc_row full_width=\u00bbstretch_row_content_no_spaces\u00bb content_width=\u00bbwide2&#8243; bg_type=\u00bbimage\u00bb parallax_style=\u00bbvcpb-default\u00bb bg_image_new=\u00bbid^2077|url^https:\/\/www.mybalancepilates.es\/wp-content\/uploads\/2019\/12\/fondo-verdoso.jpg|caption^null|alt^null|title^fondo verdoso|description^null\u00bb bg_image_repeat=\u00bbno-repeat\u00bb bg_img_attach=\u00bbfixed\u00bb css=\u00bb.vc_custom_1575312803552{padding-top: 120px !important;padding-bottom: 100px !important;}\u00bb][vc_column width=\u00bb7\/12&#8243;]<div role=\"form\" class=\"wpcf7\" id=\"wpcf7-f1143-o1\" lang=\"en-US\" dir=\"ltr\">\n<div class=\"screen-reader-response\"><p role=\"status\" aria-live=\"polite\" aria-atomic=\"true\"><\/p> <ul><\/ul><\/div>\n<form action=\"\/index.php\/wp-json\/wp\/v2\/pages\/2348#wpcf7-f1143-o1\" method=\"post\" class=\"wpcf7-form init\" novalidate=\"novalidate\" data-status=\"init\">\n<div style=\"display: none;\">\n<input type=\"hidden\" name=\"_wpcf7\" value=\"1143\" \/>\n<input type=\"hidden\" name=\"_wpcf7_version\" value=\"5.5.6\" \/>\n<input type=\"hidden\" name=\"_wpcf7_locale\" value=\"en_US\" \/>\n<input type=\"hidden\" name=\"_wpcf7_unit_tag\" value=\"wpcf7-f1143-o1\" \/>\n<input type=\"hidden\" name=\"_wpcf7_container_post\" value=\"0\" \/>\n<input type=\"hidden\" name=\"_wpcf7_posted_data_hash\" value=\"\" \/>\n<\/div>\n<div class=\"content-element5 text-color-light\">\n<div class=\"section-pre-title\">TIENES ALGUNA PREGUNTA?<\/div>\n<h2 class=\"section-title\">Env\u00edame tu duda<\/h2>\n<\/div>\n<p class=\"content-element3\" style=\"color:#fff;\">Estar\u00e9 encantada de responderte.<\/p>\n<div class=\"contact-item var2\"><label>Tu nombre (requerido)<\/label><span class=\"wpcf7-form-control-wrap your-name\"><input type=\"text\" name=\"your-name\" value=\"\" size=\"40\" class=\"wpcf7-form-control wpcf7-text wpcf7-validates-as-required\" aria-required=\"true\" aria-invalid=\"false\" \/><\/span><\/div>\n<div class=\"contact-item var2\"><label>Tu Email (requerido)<\/label><span class=\"wpcf7-form-control-wrap your-name\"><input type=\"email\" name=\"your-name\" value=\"\" size=\"40\" class=\"wpcf7-form-control wpcf7-text wpcf7-email wpcf7-validates-as-required wpcf7-validates-as-email\" aria-required=\"true\" aria-invalid=\"false\" \/><\/span><\/div>\n<div class=\"contact-item var2\"><label>Motivo<\/label><span class=\"wpcf7-form-control-wrap your-subject\"><input type=\"text\" name=\"your-subject\" value=\"\" size=\"40\" class=\"wpcf7-form-control wpcf7-text\" aria-invalid=\"false\" \/><\/span><\/div>\n<div class=\"contact-item var2\"><label>Lo que me quieras decir<\/label><span class=\"wpcf7-form-control-wrap your-message\"><textarea name=\"your-message\" cols=\"10\" rows=\"5\" class=\"wpcf7-form-control wpcf7-textarea\" id=\"contact-message\" aria-invalid=\"false\"><\/textarea><\/span><\/div>\n<div class=\"contact-item var2\"><input type=\"submit\" value=\"Enviar\" class=\"wpcf7-form-control has-spinner wpcf7-submit btn btn-style-3\" \/><\/div>\n<p style=\"display: none !important;\"><label>&#916;<textarea name=\"_wpcf7_ak_hp_textarea\" cols=\"45\" rows=\"8\" maxlength=\"100\"><\/textarea><\/label><input type=\"hidden\" id=\"ak_js_1\" name=\"_wpcf7_ak_js\" value=\"187\"\/><script>document.getElementById( \"ak_js_1\" ).setAttribute( \"value\", ( new Date() ).getTime() );<\/script><\/p><div class=\"wpcf7-response-output\" aria-hidden=\"true\"><\/div><\/form><\/div>[\/vc_column][vc_column width=\u00bb1\/3&#8243; offset=\u00bbvc_col-lg-offset-1&#8243;][vc_mad_contact_info type=\u00bbtype2&#8243; link=\u00bburl:%23|title:INDICACIONES%20PARA%20LLEGAR|target:%20_blank|\u00bb phone=\u00bbV1AlMjA2NTAlMjA0MzMlMjA1ODQ=\u00bb mail=\u00bbhola@www.mybalancepilates.es\u00bb time=\u00bbLunes a Viernes:<br \/>\n8am &#8211; 9pm\u00bb description_color=\u00bb#ffffff\u00bb]<\/p>\n<p class=\"p1\">Calle Crisol, 3\u00a0 \u00a0 Espacio 13<\/p>\n<p class=\"p1\">28522 Rivas VaciaMadrid<\/p>\n<p>[\/vc_mad_contact_info][\/vc_column][\/vc_row][vc_row full_width=\u00bbstretch_row_content_no_spaces\u00bb css=\u00bb.vc_custom_1527161569568{padding-top: 0px !important;padding-bottom: 0px !important;}\u00bb][vc_column][vc_mad_google_map lat=\u00bb40.3521647&#8243; lng=\u00bb-3.5433785&#8243; zoom=\u00bb18&#8243; map_markers=\u00bb40.7707307, -74.0210859&#8243; map_markers2=\u00bb40.7707307, -74.0210889&#8243; map_markers3=\u00bb40.7707307, -74.0210819&#8243; streetviewcontrol=\u00bbtrue\u00bb maptypecontrol=\u00bbtrue\u00bb pancontrol=\u00bbtrue\u00bb zoomcontrol=\u00bbtrue\u00bb top_margin=\u00bbnone\u00bb subtitle=\u00bbetre\u00bb title=\u00bbetre\u00bb address=\u00bbertyry\u00bb mail=\u00bbrtytry\u00bb phone=\u00bbtry\u00bb time=\u00bbrtyt\u00bb]rtytryt rtyrtytry[\/vc_mad_google_map][\/vc_column][\/vc_row]<\/p>\n<\/div>","protected":false},"excerpt":{"rendered":"<p>[vc_row][vc_column][rev_slider_vc alias=\u00bbslider1&#8243;][\/vc_column][\/vc_row][vc_row full_width=\u00bbstretch_row_content_no_spaces\u00bb][vc_column][vc_mad_info_block tag_title=\u00bbh2&#8243; columns=\u00bb3&#8243;][vc_mad_info_block_item image=\u00bb2038&#8243; title=\u00bb\u00bfEl pilates es nuevo para ti?\u00bb link=\u00bburl:%20https%3A%2F%2Fwww.mybalancepilates.es%2Findex.php%2Fclase-de-prueba%2F|title:PIDE%20TU%20CLASE%20DE%20PRUEBA|target:%20_blank|\u00bb]An\u00edmate a probarlo, la primera clase es gratis y por supuesto sin compromiso. Desde la primera clase empezar\u00e1s a notar cambios y descubrir\u00e1s \u00ablo\u00bb que ya tienes dentro de ti\u00a0 y que bien lo puedes usar[\/vc_mad_info_block_item][vc_mad_info_block_item image=\u00bb2116&#8243; title=\u00bb3 alumnos por grupo\u00bb link=\u00bburl:%20https%3A%2F%2Fwww.mybalancepilates.es%2Findex.php%2Fclase-de-prueba%2F|title:COMPRUEBALO!|target:%20_blank|\u00bb]Este es [&hellip;]<\/p>\n","protected":false},"author":1,"featured_media":0,"parent":0,"menu_order":0,"comment_status":"closed","ping_status":"closed","template":"","meta":{"footnotes":""},"class_list":["post-2348","page","type-page","status-publish","hentry"],"yoast_head":"<!-- This site is optimized with the Yoast SEO plugin v20.9 - https:\/\/yoast.com\/wordpress\/plugins\/seo\/ -->\n<title>prueba2 - MyBalance Pilates<\/title>\n<meta name=\"robots\" content=\"index, follow, max-snippet:-1, max-image-preview:large, max-video-preview:-1\" \/>\n<link rel=\"canonical\" href=\"https:\/\/www.mybalancepilates.es\/index.php\/prueba2\/\" \/>\n<meta property=\"og:locale\" content=\"es_ES\" \/>\n<meta property=\"og:type\" content=\"article\" \/>\n<meta property=\"og:title\" content=\"prueba2 - MyBalance Pilates\" \/>\n<meta property=\"og:description\" content=\"[vc_row][vc_column][rev_slider_vc alias=\u00bbslider1&#8243;][\/vc_column][\/vc_row][vc_row full_width=\u00bbstretch_row_content_no_spaces\u00bb][vc_column][vc_mad_info_block tag_title=\u00bbh2&#8243; columns=\u00bb3&#8243;][vc_mad_info_block_item image=\u00bb2038&#8243; title=\u00bb\u00bfEl pilates es nuevo para ti?\u00bb link=\u00bburl:%20https%3A%2F%2Fwww.mybalancepilates.es%2Findex.php%2Fclase-de-prueba%2F|title:PIDE%20TU%20CLASE%20DE%20PRUEBA|target:%20_blank|\u00bb]An\u00edmate a probarlo, la primera clase es gratis y por supuesto sin compromiso. Desde la primera clase empezar\u00e1s a notar cambios y descubrir\u00e1s \u00ablo\u00bb que ya tienes dentro de ti\u00a0 y que bien lo puedes usar[\/vc_mad_info_block_item][vc_mad_info_block_item image=\u00bb2116&#8243; title=\u00bb3 alumnos por grupo\u00bb link=\u00bburl:%20https%3A%2F%2Fwww.mybalancepilates.es%2Findex.php%2Fclase-de-prueba%2F|title:COMPRUEBALO!|target:%20_blank|\u00bb]Este es [&hellip;]\" \/>\n<meta property=\"og:url\" content=\"https:\/\/www.mybalancepilates.es\/index.php\/prueba2\/\" \/>\n<meta property=\"og:site_name\" content=\"MyBalance Pilates\" \/>\n<meta name=\"twitter:card\" content=\"summary_large_image\" \/>\n<meta name=\"twitter:label1\" content=\"Tiempo de lectura\" \/>\n\t<meta name=\"twitter:data1\" content=\"7 minutos\" \/>\n<script type=\"application\/ld+json\" class=\"yoast-schema-graph\">{\"@context\":\"https:\/\/schema.org\",\"@graph\":[{\"@type\":\"WebPage\",\"@id\":\"https:\/\/www.mybalancepilates.es\/index.php\/prueba2\/\",\"url\":\"https:\/\/www.mybalancepilates.es\/index.php\/prueba2\/\",\"name\":\"prueba2 - MyBalance Pilates\",\"isPartOf\":{\"@id\":\"https:\/\/www.mybalancepilates.es\/#website\"},\"datePublished\":\"2019-12-18T12:49:05+00:00\",\"dateModified\":\"2019-12-18T12:49:05+00:00\",\"breadcrumb\":{\"@id\":\"https:\/\/www.mybalancepilates.es\/index.php\/prueba2\/#breadcrumb\"},\"inLanguage\":\"es\",\"potentialAction\":[{\"@type\":\"ReadAction\",\"target\":[\"https:\/\/www.mybalancepilates.es\/index.php\/prueba2\/\"]}]},{\"@type\":\"BreadcrumbList\",\"@id\":\"https:\/\/www.mybalancepilates.es\/index.php\/prueba2\/#breadcrumb\",\"itemListElement\":[{\"@type\":\"ListItem\",\"position\":1,\"name\":\"Portada\",\"item\":\"https:\/\/www.mybalancepilates.es\/\"},{\"@type\":\"ListItem\",\"position\":2,\"name\":\"prueba2\"}]},{\"@type\":\"WebSite\",\"@id\":\"https:\/\/www.mybalancepilates.es\/#website\",\"url\":\"https:\/\/www.mybalancepilates.es\/\",\"name\":\"MyBalance Pilates\",\"description\":\"El mejor estudio de Pilates en Rivas Vaciamadrid\",\"publisher\":{\"@id\":\"https:\/\/www.mybalancepilates.es\/#organization\"},\"potentialAction\":[{\"@type\":\"SearchAction\",\"target\":{\"@type\":\"EntryPoint\",\"urlTemplate\":\"https:\/\/www.mybalancepilates.es\/?s={search_term_string}\"},\"query-input\":\"required name=search_term_string\"}],\"inLanguage\":\"es\"},{\"@type\":\"Organization\",\"@id\":\"https:\/\/www.mybalancepilates.es\/#organization\",\"name\":\"My Balance Pilates\",\"url\":\"https:\/\/www.mybalancepilates.es\/\",\"logo\":{\"@type\":\"ImageObject\",\"inLanguage\":\"es\",\"@id\":\"https:\/\/www.mybalancepilates.es\/#\/schema\/logo\/image\/\",\"url\":\"https:\/\/www.mybalancepilates.es\/wp-content\/uploads\/2022\/05\/logo-pelota.png\",\"contentUrl\":\"https:\/\/www.mybalancepilates.es\/wp-content\/uploads\/2022\/05\/logo-pelota.png\",\"width\":248,\"height\":63,\"caption\":\"My Balance Pilates\"},\"image\":{\"@id\":\"https:\/\/www.mybalancepilates.es\/#\/schema\/logo\/image\/\"}}]}<\/script>\n<!-- \/ Yoast SEO plugin. -->","yoast_head_json":{"title":"prueba2 - MyBalance Pilates","robots":{"index":"index","follow":"follow","max-snippet":"max-snippet:-1","max-image-preview":"max-image-preview:large","max-video-preview":"max-video-preview:-1"},"canonical":"https:\/\/www.mybalancepilates.es\/index.php\/prueba2\/","og_locale":"es_ES","og_type":"article","og_title":"prueba2 - MyBalance Pilates","og_description":"[vc_row][vc_column][rev_slider_vc alias=\u00bbslider1&#8243;][\/vc_column][\/vc_row][vc_row full_width=\u00bbstretch_row_content_no_spaces\u00bb][vc_column][vc_mad_info_block tag_title=\u00bbh2&#8243; columns=\u00bb3&#8243;][vc_mad_info_block_item image=\u00bb2038&#8243; title=\u00bb\u00bfEl pilates es nuevo para ti?\u00bb link=\u00bburl:%20https%3A%2F%2Fwww.mybalancepilates.es%2Findex.php%2Fclase-de-prueba%2F|title:PIDE%20TU%20CLASE%20DE%20PRUEBA|target:%20_blank|\u00bb]An\u00edmate a probarlo, la primera clase es gratis y por supuesto sin compromiso. Desde la primera clase empezar\u00e1s a notar cambios y descubrir\u00e1s \u00ablo\u00bb que ya tienes dentro de ti\u00a0 y que bien lo puedes usar[\/vc_mad_info_block_item][vc_mad_info_block_item image=\u00bb2116&#8243; title=\u00bb3 alumnos por grupo\u00bb link=\u00bburl:%20https%3A%2F%2Fwww.mybalancepilates.es%2Findex.php%2Fclase-de-prueba%2F|title:COMPRUEBALO!|target:%20_blank|\u00bb]Este es [&hellip;]","og_url":"https:\/\/www.mybalancepilates.es\/index.php\/prueba2\/","og_site_name":"MyBalance Pilates","twitter_card":"summary_large_image","twitter_misc":{"Tiempo de lectura":"7 minutos"},"schema":{"@context":"https:\/\/schema.org","@graph":[{"@type":"WebPage","@id":"https:\/\/www.mybalancepilates.es\/index.php\/prueba2\/","url":"https:\/\/www.mybalancepilates.es\/index.php\/prueba2\/","name":"prueba2 - MyBalance Pilates","isPartOf":{"@id":"https:\/\/www.mybalancepilates.es\/#website"},"datePublished":"2019-12-18T12:49:05+00:00","dateModified":"2019-12-18T12:49:05+00:00","breadcrumb":{"@id":"https:\/\/www.mybalancepilates.es\/index.php\/prueba2\/#breadcrumb"},"inLanguage":"es","potentialAction":[{"@type":"ReadAction","target":["https:\/\/www.mybalancepilates.es\/index.php\/prueba2\/"]}]},{"@type":"BreadcrumbList","@id":"https:\/\/www.mybalancepilates.es\/index.php\/prueba2\/#breadcrumb","itemListElement":[{"@type":"ListItem","position":1,"name":"Portada","item":"https:\/\/www.mybalancepilates.es\/"},{"@type":"ListItem","position":2,"name":"prueba2"}]},{"@type":"WebSite","@id":"https:\/\/www.mybalancepilates.es\/#website","url":"https:\/\/www.mybalancepilates.es\/","name":"MyBalance Pilates","description":"El mejor estudio de Pilates en Rivas Vaciamadrid","publisher":{"@id":"https:\/\/www.mybalancepilates.es\/#organization"},"potentialAction":[{"@type":"SearchAction","target":{"@type":"EntryPoint","urlTemplate":"https:\/\/www.mybalancepilates.es\/?s={search_term_string}"},"query-input":"required name=search_term_string"}],"inLanguage":"es"},{"@type":"Organization","@id":"https:\/\/www.mybalancepilates.es\/#organization","name":"My Balance Pilates","url":"https:\/\/www.mybalancepilates.es\/","logo":{"@type":"ImageObject","inLanguage":"es","@id":"https:\/\/www.mybalancepilates.es\/#\/schema\/logo\/image\/","url":"https:\/\/www.mybalancepilates.es\/wp-content\/uploads\/2022\/05\/logo-pelota.png","contentUrl":"https:\/\/www.mybalancepilates.es\/wp-content\/uploads\/2022\/05\/logo-pelota.png","width":248,"height":63,"caption":"My Balance Pilates"},"image":{"@id":"https:\/\/www.mybalancepilates.es\/#\/schema\/logo\/image\/"}}]}},"_links":{"self":[{"href":"https:\/\/www.mybalancepilates.es\/index.php\/wp-json\/wp\/v2\/pages\/2348","targetHints":{"allow":["GET"]}}],"collection":[{"href":"https:\/\/www.mybalancepilates.es\/index.php\/wp-json\/wp\/v2\/pages"}],"about":[{"href":"https:\/\/www.mybalancepilates.es\/index.php\/wp-json\/wp\/v2\/types\/page"}],"author":[{"embeddable":true,"href":"https:\/\/www.mybalancepilates.es\/index.php\/wp-json\/wp\/v2\/users\/1"}],"replies":[{"embeddable":true,"href":"https:\/\/www.mybalancepilates.es\/index.php\/wp-json\/wp\/v2\/comments?post=2348"}],"version-history":[{"count":1,"href":"https:\/\/www.mybalancepilates.es\/index.php\/wp-json\/wp\/v2\/pages\/2348\/revisions"}],"predecessor-version":[{"id":2349,"href":"https:\/\/www.mybalancepilates.es\/index.php\/wp-json\/wp\/v2\/pages\/2348\/revisions\/2349"}],"wp:attachment":[{"href":"https:\/\/www.mybalancepilates.es\/index.php\/wp-json\/wp\/v2\/media?parent=2348"}],"curies":[{"name":"wp","href":"https:\/\/api.w.org\/{rel}","templated":true}]}}